{"id":1094,"date":"2019-05-05T12:45:56","date_gmt":"2019-05-05T12:45:56","guid":{"rendered":"http:\/\/www.aureka.fi\/?page_id=1094"},"modified":"2024-09-09T14:57:43","modified_gmt":"2024-09-09T11:57:43","slug":"palvelut","status":"publish","type":"page","link":"http:\/\/www.aureka.fi\/sv\/palvelut\/","title":{"rendered":"Tj\u00e4nster"},"content":{"rendered":"<div id=\"pl-1094\"  class=\"panel-layout\" ><div id=\"pg-1094-0\"  class=\"panel-grid panel-no-style\" ><div id=\"pgc-1094-0-0\"  class=\"panel-grid-cell panel-grid-cell-mobile-last\" ><div id=\"panel-1094-0-0-0\" class=\"so-panel widget widget_sow-editor panel-first-child panel-last-child\" data-index=\"0\" ><div\n\t\t\t\n\t\t\tclass=\"so-widget-sow-editor so-widget-sow-editor-base\"\n\t\t\t\n\t\t>\n<div class=\"siteorigin-widget-tinymce textwidget\">\n\t<p><span style=\"color: #000000;\"><span class=\"so-premium-web-font\" style=\"font-size: 18pt; font-family: 'ZCOOL XiaoWei', serif;\" data-web-font-module=\"google\" data-font-info=\"{&quot;font&quot;:&quot;ZCOOL XiaoWei&quot;,&quot;webfont&quot;:true,&quot;category&quot;:&quot;serif&quot;,&quot;variant&quot;:&quot;regular&quot;,&quot;module&quot;:&quot;google&quot;}\">H\u00e4r hittar ni mera information om de tj\u00e4nster som vi erbjuder. V\u00e4lj det alternativ som passar er b\u00e4st och bekanta er <\/span><span class=\"so-premium-web-font\" style=\"font-size: 18pt; font-family: 'ZCOOL XiaoWei', serif;\" data-web-font-module=\"google\" data-font-info=\"{&quot;font&quot;:&quot;ZCOOL XiaoWei&quot;,&quot;webfont&quot;:true,&quot;category&quot;:&quot;serif&quot;,&quot;variant&quot;:&quot;regular&quot;,&quot;module&quot;:&quot;google&quot;}\">n\u00e4rmare - om ni har n\u00e5gra fr\u00e5gor ber\u00e4ttar vi g\u00e4rna mera. <\/span><\/span><\/p>\n<\/div>\n<\/div><\/div><\/div><div id=\"pgc-1094-0-1\"  class=\"panel-grid-cell panel-grid-cell-empty\" ><\/div><\/div><div id=\"pg-1094-1\"  class=\"panel-grid panel-no-style\" ><div id=\"pgc-1094-1-0\"  class=\"panel-grid-cell\" ><div id=\"panel-1094-1-0-0\" class=\"so-panel widget widget_sow-features panel-first-child panel-last-child\" data-index=\"1\" ><div\n\t\t\t\n\t\t\tclass=\"so-widget-sow-features so-widget-sow-features-default-bb9b0cf76348-1094\"\n\t\t\t\n\t\t><ul\n\tclass=\"sow-features-list\tsow-features-responsive\">\n\n\t\t\t<li\n\t\t\tclass=\"sow-features-feature sow-icon-container-position-top\"\n\t\t\tstyle=\"display: flex; flex-direction: column; width: calc(33.333% - 25px);\"\n\t\t>\n\t\t\t\n\t\t\t\t\t\t<a\t\t\t\tclass=\"sow-icon-container sow-container-none\"\n\t\t\t\tstyle=\"color: #00ba2e; \"\n\t\t\t\t\n\t\t\t\t\t\t\t\t\thref=\"http:\/\/www.aureka.fi\/sv\/isannointi-2\/\"\n\t\t\t\t\t\t\t\t>\n\t\t\t\t\t\t\t\t\t\t<div class=\"sow-icon-image\" style=\"background-image: url(http:\/\/www.aureka.fi\/wp-content\/uploads\/2019\/10\/Taloyhti\u00f6.png); font-size: 55px\"><\/div>\n\t\t\t\t\t\t\t\t\t<\/a>\n\n\t\t\t<div class=\"textwidget\">\n\t\t\t\t\n\t\t\t\t\t\t\t\t\t<h5 class=\"sow-features-feature-title\">\n\t\t\t\t\t\t\t\t\t\t\t\t\t<a\n\t\t\t\t\t\t\t\thref=\"http:\/\/www.aureka.fi\/sv\/isannointi-2\/\"\n\t\t\t\t\t\t\t\t\t\t\t\t\t\t\t>\n\t\t\t\t\t\t\tDISPONENTSKAP F\u00d6R HUSBOLAG\t\t\t\t\t\t\t<\/a>\n\t\t\t\t\t\t\t\t\t\t\t\t<\/h5>\n\t\t\t\t\n\t\t\t\t\t\t\t\t\t<div class=\"sow-features-feature-text\">\n\t\t\t\t\t<p>V\u00e5r disponenttj\u00e4nst utg\u00e5r fr\u00e5n kundens behov och en h\u00f6g kvalitet. Vi kan erbjuda en modern och flexibel service som utnyttjar nutida elektroniska l\u00f6sningar - helt enligt kundens behov. Grunden f\u00f6r disponentskapet \u00e4r l\u00e5ng erfarenhet och h\u00f6gklassig utbildning och tillsammans med v\u00e5rt breda kontaktn\u00e4t m\u00f6jligg\u00f6rs en omfattande tj\u00e4nst.<\/p>\n\t\t\t\t\t<\/div>\n\t\t\t\t\t\t\t\t<\/div>\n\t\t\t\t\t\t\t\t<\/li>\n\n\t\t\t<li\n\t\t\tclass=\"sow-features-feature sow-icon-container-position-top\"\n\t\t\tstyle=\"display: flex; flex-direction: column; width: calc(33.333% - 25px);\"\n\t\t>\n\t\t\t\n\t\t\t\t\t\t<a\t\t\t\tclass=\"sow-icon-container sow-container-none\"\n\t\t\t\tstyle=\"color: #1111ff; \"\n\t\t\t\t\n\t\t\t\t\t\t\t\t\thref=\"http:\/\/www.aureka.fi\/sv\/liikekiinteiston-hallinta\/\"\n\t\t\t\t\t\t\t\t>\n\t\t\t\t\t\t\t\t\t\t<div class=\"sow-icon-image\" style=\"background-image: url(http:\/\/www.aureka.fi\/wp-content\/uploads\/2019\/10\/Liikekiinteist\u00f6.png); font-size: 55px\"><\/div>\n\t\t\t\t\t\t\t\t\t<\/a>\n\n\t\t\t<div class=\"textwidget\">\n\t\t\t\t\n\t\t\t\t\t\t\t\t\t<h5 class=\"sow-features-feature-title\">\n\t\t\t\t\t\t\t\t\t\t\t\t\t<a\n\t\t\t\t\t\t\t\thref=\"http:\/\/www.aureka.fi\/sv\/liikekiinteiston-hallinta\/\"\n\t\t\t\t\t\t\t\t\t\t\t\t\t\t\t>\n\t\t\t\t\t\t\tF\u00d6RVALTNING AV FASTIGHETSBOLAG\t\t\t\t\t\t\t<\/a>\n\t\t\t\t\t\t\t\t\t\t\t\t<\/h5>\n\t\t\t\t\n\t\t\t\t\t\t\t\t\t<div class=\"sow-features-feature-text\">\n\t\t\t\t\t<p>En bra och stark f\u00f6rvaltning av fastighetsbolag bevarar eller \u00f6kar fastighetens v\u00e4rde och tryggar \u00e4garnas intressen. I v\u00e5r tj\u00e4nst ing\u00e5r hantering av fastighetens livscykel och f\u00f6rh\u00e5llandena till hyresg\u00e4sterna samt ekonomisk f\u00f6rvaltning. Vi har en l\u00e5ng erfarenhet av fastighetsf\u00f6rvaltning och de s\u00e4rskilda utmaningar som det f\u00f6r med sig. Tillsammans med v\u00e5rt omfattande kontaktn\u00e4t kan vi erbjuda ett l\u00f6nsammare och enklare \u00e4garskap.<\/p>\n\t\t\t\t\t<\/div>\n\t\t\t\t\t\t\t\t<\/div>\n\t\t\t\t\t\t\t\t<\/li>\n\n\t\t\t<li\n\t\t\tclass=\"sow-features-feature sow-icon-container-position-top\"\n\t\t\tstyle=\"display: flex; flex-direction: column; width: calc(33.333% - 25px);\"\n\t\t>\n\t\t\t\n\t\t\t\t\t\t<a\t\t\t\tclass=\"sow-icon-container sow-container-none\"\n\t\t\t\tstyle=\"color: #f99909; \"\n\t\t\t\t\n\t\t\t\t\t\t\t\t\thref=\"http:\/\/www.aureka.fi\/sv\/taloushallinto\/\"\n\t\t\t\t\t\t\t\t>\n\t\t\t\t\t\t\t\t\t\t<div class=\"sow-icon-image\" style=\"background-image: url(http:\/\/www.aureka.fi\/wp-content\/uploads\/2019\/10\/Taloushallinto.png); font-size: 55px\"><\/div>\n\t\t\t\t\t\t\t\t\t<\/a>\n\n\t\t\t<div class=\"textwidget\">\n\t\t\t\t\n\t\t\t\t\t\t\t\t\t<h5 class=\"sow-features-feature-title\">\n\t\t\t\t\t\t\t\t\t\t\t\t\t<a\n\t\t\t\t\t\t\t\thref=\"http:\/\/www.aureka.fi\/sv\/taloushallinto\/\"\n\t\t\t\t\t\t\t\t\t\t\t\t\t\t\t>\n\t\t\t\t\t\t\tREDOVISNINGSTJ\u00c4NSTER\t\t\t\t\t\t\t<\/a>\n\t\t\t\t\t\t\t\t\t\t\t\t<\/h5>\n\t\t\t\t\n\t\t\t\t\t\t\t\t\t<div class=\"sow-features-feature-text\">\n\t\t\t\t\t<p>Vi sk\u00f6ter den ekonomiska f\u00f6rvaltningen \u00e5t alla v\u00e5ra kunder och i tj\u00e4nsten ing\u00e5r bokf\u00f6ring, uppf\u00f6ljning av betalningar, l\u00e5nehantering, l\u00f6neber\u00e4kning och anm\u00e4lningar till myndigheter. Vi erbjuder \u00e4ven separat bokf\u00f6ringstj\u00e4nster speciellt riktade till SME-f\u00f6retag till ett kostnadseffektivt pris och i v\u00e5r anv\u00e4ndning har vi moderna bokf\u00f6ringsprogram. Genom att v\u00e4lja oss att sk\u00f6ta din redovisning kan du koncentrera dig p\u00e5 din k\u00e4rnverksamhet i lugn och ro.<\/p>\n\t\t\t\t\t<\/div>\n\t\t\t\t\t\t\t\t<\/div>\n\t\t\t\t\t\t\t\t<\/li>\n\n\t<\/ul>\n<\/div><\/div><\/div><\/div><div id=\"pg-1094-2\"  class=\"panel-grid panel-no-style\" ><div id=\"pgc-1094-2-0\"  class=\"panel-grid-cell\" ><div id=\"panel-1094-2-0-0\" class=\"so-panel widget widget_sow-editor panel-first-child panel-last-child\" data-index=\"2\" ><div\n\t\t\t\n\t\t\tclass=\"so-widget-sow-editor so-widget-sow-editor-base\"\n\t\t\t\n\t\t>\n<div class=\"siteorigin-widget-tinymce textwidget\">\n\t<p>&nbsp;<\/p>\n<hr \/>\n<p>&nbsp;<\/p>\n<p>&nbsp;<\/p>\n<table style=\"height: 21px; width: 100.04%; border-collapse: collapse; border-style: hidden; border-color: #ffffff; background-color: #ffffff;\" border=\"1\">\n<tbody>\n<tr style=\"height: 21px;\">\n<td style=\"width: 22.4756%; height: 21px;\">\n<p style=\"text-align: center;\"><a href=\"http:\/\/www.aureka.fi\/sv\/palvelut\/\"><strong><span style=\"font-size: 8pt;\">Tj\u00e4nster<\/span><\/strong><\/a><\/p>\n<p style=\"text-align: center;\"><a href=\"http:\/\/www.aureka.fi\/sv\/isannointi\/\"><span style=\"font-size: 8pt;\">Disponent<\/span><\/a><\/p>\n<p style=\"text-align: center;\"><a href=\"http:\/\/www.aureka.fi\/sv\/liikekiinteiston-hallinta\/\"><span style=\"font-size: 8pt;\">Fastighetsbolag<\/span><\/a><\/p>\n<p style=\"text-align: center;\"><a href=\"http:\/\/www.aureka.fi\/sv\/taloushallinto\/\"><span style=\"font-size: 8pt;\">Redovisningstj\u00e4nster<\/span><\/a><\/p>\n<\/td>\n<td style=\"width: 18.3303%; height: 21px;\">\n<p style=\"text-align: center;\"><a href=\"http:\/\/www.aureka.fi\/sv\/asukkaille\/\"><strong><span style=\"font-size: 8pt;\">F\u00f6r inv\u00e5nare<\/span><\/strong><\/a><\/p>\n<p style=\"text-align: center;\"><a href=\"http:\/\/www.aureka.fi\/sv\/lomakkeet-ja-ilmoitukset\/\"><span style=\"font-size: 8pt;\">Blanketter och anm\u00e4lningar<\/span><\/a><\/p>\n<p style=\"text-align: center;\"><a href=\"http:\/\/www.aureka.fi\/sv\/muuttaminen\/\"><span style=\"font-size: 8pt;\">D\u00e5 du flyttar<\/span><\/a><\/p>\n<p>&nbsp;<\/p>\n<\/td>\n<td style=\"width: 20.1384%; height: 21px;\">\n<p style=\"text-align: center;\"><a href=\"http:\/\/www.aureka.fi\/sv\/tarjouspyynto\/\"><strong><span style=\"font-size: 8pt;\">Be om offert<\/span><\/strong><\/a><\/p>\n<p>&nbsp;<\/p>\n<p>&nbsp;<\/p>\n<p>&nbsp;<\/p>\n<\/td>\n<td style=\"width: 20.4923%; height: 21px;\">\n<p style=\"text-align: center;\"><a href=\"http:\/\/www.aureka.fi\/sv\/yhteystiedot\/\"><strong><span style=\"font-size: 8pt;\">Kontaktuppgifter<\/span><\/strong><\/a><\/p>\n<p style=\"text-align: center;\"><a href=\"http:\/\/www.aureka.fi\/sv\/muuttaminen\/\"><span style=\"font-size: 8pt;\">Ta kontakt<\/span><\/a><\/p>\n<p style=\"text-align: center;\"><a href=\"http:\/\/www.aureka.fi\/sv\/tietosuojaseloste\/\"><span style=\"font-size: 8pt;\">Dataskydd<\/span><\/a><\/p>\n<p>&nbsp;<\/p>\n<\/td>\n<td style=\"width: 18.6392%; height: 21px;\">\n<p style=\"text-align: center;\"><a href=\"http:\/\/www.aureka.fi\/sv\/yhtio\/\"><strong><span style=\"font-size: 8pt;\">F\u00f6retaget<\/span><\/strong><\/a><\/p>\n<p>&nbsp;<\/p>\n<p>&nbsp;<\/p>\n<p>&nbsp;<\/p>\n<\/td>\n<\/tr>\n<\/tbody>\n<\/table>\n<p>&nbsp;<\/p>\n<p>&nbsp;<\/p>\n<table style=\"width: 100%; border-collapse: collapse; border-style: hidden; border-color: #ffffff; background-color: #ffffff;\" border=\"1\">\n<tbody>\n<tr>\n<td style=\"width: 100%;\"><span style=\"font-size: 10pt;\">Aureka Oy, Ounasvaarantie 1 G, 00970 Helsinki\u00a0 \u00a0Puh. 0405658657\u00a0 \u00a0S-posti: isannointi@aureka.fi\u00a0 \u00a0<a href=\"http:\/\/www.aureka.fi\/sv\/\">www.aureka.fi\/sv<\/a><\/span><\/td>\n<\/tr>\n<tr>\n<td style=\"width: 100%;\"><span style=\"font-size: 8pt;\">Helsingfors - Esbo - Vanda - Tusby - Sibbo<\/span><\/td>\n<\/tr>\n<\/tbody>\n<\/table>\n<\/div>\n<\/div><\/div><\/div><\/div><\/div>","protected":false},"excerpt":{"rendered":"<p>T\u00e4\u00e4lt\u00e4 l\u00f6yd\u00e4t lis\u00e4tietoa tarjoamistamme palveluista. Valitse sinulle sopiva vaihtoehto alla olevista ja tutustu tarkemmin &#8211; mik\u00e4li kysymyksi\u00e4 her\u00e4\u00e4 kerromme mielell\u00e4\u00e4n lis\u00e4\u00e4.<\/p>","protected":false},"author":1,"featured_media":0,"parent":0,"menu_order":0,"comment_status":"closed","ping_status":"closed","template":"","meta":{"_acf_changed":false,"_monsterinsights_skip_tracking":false,"_monsterinsights_sitenote_active":false,"_monsterinsights_sitenote_note":"","_monsterinsights_sitenote_category":0,"footnotes":""},"class_list":["post-1094","page","type-page","status-publish","hentry"],"acf":[],"yoast_head":"<!-- This site is optimized with the Yoast SEO plugin v25.6 - https:\/\/yoast.com\/wordpress\/plugins\/seo\/ -->\n<title>Palvelut - Is&auml;nn&ouml;intitoimisto<\/title>\n<meta name=\"robots\" content=\"index, follow, max-snippet:-1, max-image-preview:large, max-video-preview:-1\" \/>\n<link rel=\"canonical\" href=\"http:\/\/www.aureka.fi\/sv\/palvelut\/\" \/>\n<meta property=\"og:locale\" content=\"sv_SE\" \/>\n<meta property=\"og:type\" content=\"article\" \/>\n<meta property=\"og:title\" content=\"Palvelut - Is&auml;nn&ouml;intitoimisto\" \/>\n<meta property=\"og:description\" content=\"T\u00e4\u00e4lt\u00e4 l\u00f6yd\u00e4t lis\u00e4tietoa tarjoamistamme palveluista. Valitse sinulle sopiva vaihtoehto alla olevista ja tutustu tarkemmin - mik\u00e4li kysymyksi\u00e4 her\u00e4\u00e4 kerromme mielell\u00e4\u00e4n lis\u00e4\u00e4.\" \/>\n<meta property=\"og:url\" content=\"http:\/\/www.aureka.fi\/sv\/palvelut\/\" \/>\n<meta property=\"og:site_name\" content=\"Is&auml;nn&ouml;intitoimisto\" \/>\n<meta property=\"article:modified_time\" content=\"2024-09-09T11:57:43+00:00\" \/>\n<meta name=\"twitter:card\" content=\"summary_large_image\" \/>\n<meta name=\"twitter:label1\" content=\"Ber\u00e4knad l\u00e4stid\" \/>\n\t<meta name=\"twitter:data1\" content=\"1 minut\" \/>\n<script type=\"application\/ld+json\" class=\"yoast-schema-graph\">{\"@context\":\"https:\/\/schema.org\",\"@graph\":[{\"@type\":\"WebPage\",\"@id\":\"http:\/\/www.aureka.fi\/sv\/palvelut\/\",\"url\":\"http:\/\/www.aureka.fi\/sv\/palvelut\/\",\"name\":\"Palvelut - Is&auml;nn&ouml;intitoimisto\",\"isPartOf\":{\"@id\":\"http:\/\/www.aureka.fi\/sv\/#website\"},\"datePublished\":\"2019-05-05T12:45:56+00:00\",\"dateModified\":\"2024-09-09T11:57:43+00:00\",\"breadcrumb\":{\"@id\":\"http:\/\/www.aureka.fi\/sv\/palvelut\/#breadcrumb\"},\"inLanguage\":\"sv-SE\",\"potentialAction\":[{\"@type\":\"ReadAction\",\"target\":[\"http:\/\/www.aureka.fi\/sv\/palvelut\/\"]}]},{\"@type\":\"BreadcrumbList\",\"@id\":\"http:\/\/www.aureka.fi\/sv\/palvelut\/#breadcrumb\",\"itemListElement\":[{\"@type\":\"ListItem\",\"position\":1,\"name\":\"Home\",\"item\":\"http:\/\/www.aureka.fi\/sv\/\"},{\"@type\":\"ListItem\",\"position\":2,\"name\":\"Palvelut\"}]},{\"@type\":\"WebSite\",\"@id\":\"http:\/\/www.aureka.fi\/sv\/#website\",\"url\":\"http:\/\/www.aureka.fi\/sv\/\",\"name\":\"Is&auml;nn&ouml;intitoimisto\",\"description\":\"\",\"publisher\":{\"@id\":\"http:\/\/www.aureka.fi\/sv\/#organization\"},\"potentialAction\":[{\"@type\":\"SearchAction\",\"target\":{\"@type\":\"EntryPoint\",\"urlTemplate\":\"http:\/\/www.aureka.fi\/sv\/?s={search_term_string}\"},\"query-input\":{\"@type\":\"PropertyValueSpecification\",\"valueRequired\":true,\"valueName\":\"search_term_string\"}}],\"inLanguage\":\"sv-SE\"},{\"@type\":\"Organization\",\"@id\":\"http:\/\/www.aureka.fi\/sv\/#organization\",\"name\":\"Is&auml;nn&ouml;intitoimisto\",\"url\":\"http:\/\/www.aureka.fi\/sv\/\",\"logo\":{\"@type\":\"ImageObject\",\"inLanguage\":\"sv-SE\",\"@id\":\"http:\/\/www.aureka.fi\/sv\/#\/schema\/logo\/image\/\",\"url\":\"http:\/\/www.aureka.fi\/wp-content\/uploads\/2019\/11\/cropped-Aureka-logo-small.png\",\"contentUrl\":\"http:\/\/www.aureka.fi\/wp-content\/uploads\/2019\/11\/cropped-Aureka-logo-small.png\",\"width\":75,\"height\":82,\"caption\":\"Is&auml;nn&ouml;intitoimisto\"},\"image\":{\"@id\":\"http:\/\/www.aureka.fi\/sv\/#\/schema\/logo\/image\/\"}}]}<\/script>\n<!-- \/ Yoast SEO plugin. -->","yoast_head_json":{"title":"Palvelut - Is&auml;nn&ouml;intitoimisto","robots":{"index":"index","follow":"follow","max-snippet":"max-snippet:-1","max-image-preview":"max-image-preview:large","max-video-preview":"max-video-preview:-1"},"canonical":"http:\/\/www.aureka.fi\/sv\/palvelut\/","og_locale":"sv_SE","og_type":"article","og_title":"Palvelut - Is&auml;nn&ouml;intitoimisto","og_description":"T\u00e4\u00e4lt\u00e4 l\u00f6yd\u00e4t lis\u00e4tietoa tarjoamistamme palveluista. Valitse sinulle sopiva vaihtoehto alla olevista ja tutustu tarkemmin - mik\u00e4li kysymyksi\u00e4 her\u00e4\u00e4 kerromme mielell\u00e4\u00e4n lis\u00e4\u00e4.","og_url":"http:\/\/www.aureka.fi\/sv\/palvelut\/","og_site_name":"Is&auml;nn&ouml;intitoimisto","article_modified_time":"2024-09-09T11:57:43+00:00","twitter_card":"summary_large_image","twitter_misc":{"Ber\u00e4knad l\u00e4stid":"1 minut"},"schema":{"@context":"https:\/\/schema.org","@graph":[{"@type":"WebPage","@id":"http:\/\/www.aureka.fi\/sv\/palvelut\/","url":"http:\/\/www.aureka.fi\/sv\/palvelut\/","name":"Palvelut - Is&auml;nn&ouml;intitoimisto","isPartOf":{"@id":"http:\/\/www.aureka.fi\/sv\/#website"},"datePublished":"2019-05-05T12:45:56+00:00","dateModified":"2024-09-09T11:57:43+00:00","breadcrumb":{"@id":"http:\/\/www.aureka.fi\/sv\/palvelut\/#breadcrumb"},"inLanguage":"sv-SE","potentialAction":[{"@type":"ReadAction","target":["http:\/\/www.aureka.fi\/sv\/palvelut\/"]}]},{"@type":"BreadcrumbList","@id":"http:\/\/www.aureka.fi\/sv\/palvelut\/#breadcrumb","itemListElement":[{"@type":"ListItem","position":1,"name":"Home","item":"http:\/\/www.aureka.fi\/sv\/"},{"@type":"ListItem","position":2,"name":"Palvelut"}]},{"@type":"WebSite","@id":"http:\/\/www.aureka.fi\/sv\/#website","url":"http:\/\/www.aureka.fi\/sv\/","name":"Is&auml;nn&ouml;intitoimisto","description":"","publisher":{"@id":"http:\/\/www.aureka.fi\/sv\/#organization"},"potentialAction":[{"@type":"SearchAction","target":{"@type":"EntryPoint","urlTemplate":"http:\/\/www.aureka.fi\/sv\/?s={search_term_string}"},"query-input":{"@type":"PropertyValueSpecification","valueRequired":true,"valueName":"search_term_string"}}],"inLanguage":"sv-SE"},{"@type":"Organization","@id":"http:\/\/www.aureka.fi\/sv\/#organization","name":"Is&auml;nn&ouml;intitoimisto","url":"http:\/\/www.aureka.fi\/sv\/","logo":{"@type":"ImageObject","inLanguage":"sv-SE","@id":"http:\/\/www.aureka.fi\/sv\/#\/schema\/logo\/image\/","url":"http:\/\/www.aureka.fi\/wp-content\/uploads\/2019\/11\/cropped-Aureka-logo-small.png","contentUrl":"http:\/\/www.aureka.fi\/wp-content\/uploads\/2019\/11\/cropped-Aureka-logo-small.png","width":75,"height":82,"caption":"Is&auml;nn&ouml;intitoimisto"},"image":{"@id":"http:\/\/www.aureka.fi\/sv\/#\/schema\/logo\/image\/"}}]}},"_links":{"self":[{"href":"http:\/\/www.aureka.fi\/sv\/wp-json\/wp\/v2\/pages\/1094"}],"collection":[{"href":"http:\/\/www.aureka.fi\/sv\/wp-json\/wp\/v2\/pages"}],"about":[{"href":"http:\/\/www.aureka.fi\/sv\/wp-json\/wp\/v2\/types\/page"}],"author":[{"embeddable":true,"href":"http:\/\/www.aureka.fi\/sv\/wp-json\/wp\/v2\/users\/1"}],"replies":[{"embeddable":true,"href":"http:\/\/www.aureka.fi\/sv\/wp-json\/wp\/v2\/comments?post=1094"}],"version-history":[{"count":73,"href":"http:\/\/www.aureka.fi\/sv\/wp-json\/wp\/v2\/pages\/1094\/revisions"}],"predecessor-version":[{"id":2682,"href":"http:\/\/www.aureka.fi\/sv\/wp-json\/wp\/v2\/pages\/1094\/revisions\/2682"}],"wp:attachment":[{"href":"http:\/\/www.aureka.fi\/sv\/wp-json\/wp\/v2\/media?parent=1094"}],"curies":[{"name":"wp","href":"https:\/\/api.w.org\/{rel}","templated":true}]}}