{"id":1804,"date":"2019-10-30T14:22:53","date_gmt":"2019-10-30T12:22:53","guid":{"rendered":"http:\/\/www.aureka.fi\/?page_id=1804"},"modified":"2024-09-09T14:50:13","modified_gmt":"2024-09-09T11:50:13","slug":"front-page","status":"publish","type":"page","link":"http:\/\/www.aureka.fi\/sv\/","title":{"rendered":"Aureka"},"content":{"rendered":"<div id=\"pl-1804\"  class=\"panel-layout\" ><div id=\"pg-1804-0\"  class=\"panel-grid panel-has-style\" ><div class=\"siteorigin-panels-stretch panel-row-style panel-row-style-for-1804-0\" data-stretch-type=\"full-width-stretch\" ><div id=\"pgc-1804-0-0\"  class=\"panel-grid-cell\" ><div id=\"panel-1804-0-0-0\" class=\"so-panel widget widget_sow-headline panel-first-child panel-last-child\" data-index=\"0\" ><div\n\t\t\t\n\t\t\tclass=\"so-widget-sow-headline so-widget-sow-headline-default-8184702cf798-1804 so-widget-fittext-wrapper\"\n\t\t\t data-fit-text-compressor=\"0.85\"\n\t\t><div class=\"sow-headline-container \">\n\t\t\t\t\t\t\t<h1 class=\"sow-headline\">\n\t\t\t\t\t\tAsiakasl\u00e4ht\u00f6inen - Joustava - Moderni\t\t\t\t\t\t<\/h1>\n\t\t\t\t\t\t<\/div>\n<\/div><\/div><\/div><\/div><\/div><div id=\"pg-1804-1\"  class=\"panel-grid panel-has-style\" ><div id=\"services\" class=\"panel-row-style panel-row-style-for-1804-1\" ><div id=\"pgc-1804-1-0\"  class=\"panel-grid-cell\" ><div id=\"panel-1804-1-0-0\" class=\"so-panel widget widget_sow-headline panel-first-child\" data-index=\"1\" ><div\n\t\t\t\n\t\t\tclass=\"so-widget-sow-headline so-widget-sow-headline-default-242266b85bfd-1804 so-widget-fittext-wrapper\"\n\t\t\t data-fit-text-compressor=\"0.85\"\n\t\t><div class=\"sow-headline-container \">\n\t\t\t\t\t\t\t<h1 class=\"sow-headline\">\n\t\t\t\t\t\tMit\u00e4 me tehd\u00e4\u00e4n\t\t\t\t\t\t<\/h1>\n\t\t\t\t\t\t\t\t\t\t\t\t<p class=\"sow-sub-headline\">\n\t\t\t\t\t\tTarjoamme erilaisia palveluita johon kuuluu\t\t\t\t\t\t<\/p>\n\t\t\t\t\t\t<\/div>\n<\/div><\/div><div id=\"panel-1804-1-0-1\" class=\"so-panel widget widget_sow-features panel-last-child\" data-index=\"2\" ><div class=\"panel-widget-style panel-widget-style-for-1804-1-0-1\" ><div\n\t\t\t\n\t\t\tclass=\"so-widget-sow-features so-widget-sow-features-default-337894245976-1804\"\n\t\t\t\n\t\t><ul\n\tclass=\"sow-features-list\n\tsow-features-responsive\">\n\n\t\t\t<li\n\t\t\tclass=\"sow-features-feature sow-icon-container-position-top\"\n\t\t\tstyle=\"display: flex; flex-direction: column; width: calc(33.333% - 25px);\"\n\t\t>\n\t\t\t\n\t\t\t\t\t\t<a\t\t\t\tclass=\"sow-icon-container sow-container-none\"\n\t\t\t\tstyle=\"color: #404040; \"\n\t\t\t\ttitle=\"TALOYHTI\u00d6N IS\u00c4NN\u00d6INTI\"\n\t\t\t\t\t\t\t\t\thref=\"http:\/\/www.aureka.fi\/sv\/isannointi-2\/\"\n\t\t\t\t\t\t\t\t>\n\t\t\t\t\t\t\t\t\t\t<div class=\"sow-icon-image\" style=\"background-image: url(http:\/\/www.aureka.fi\/wp-content\/uploads\/2019\/10\/Taloyhti\u00f6.png); font-size: 65px\"><\/div>\n\t\t\t\t\t\t\t\t\t<\/a>\n\n\t\t\t<div class=\"textwidget\">\n\t\t\t\t\n\t\t\t\t\t\t\t\t\t<h5 class=\"sow-features-feature-title\">\n\t\t\t\t\t\t\t\t\t\t\t\t\t<a\n\t\t\t\t\t\t\t\thref=\"http:\/\/www.aureka.fi\/sv\/isannointi-2\/\"\n\t\t\t\t\t\t\t\t\t\t\t\t\t\t\t>\n\t\t\t\t\t\t\tTALOYHTI\u00d6N IS\u00c4NN\u00d6INTI\t\t\t\t\t\t\t<\/a>\n\t\t\t\t\t\t\t\t\t\t\t\t<\/h5>\n\t\t\t\t\n\t\t\t\t\t\t\t\t\t<div class=\"sow-features-feature-text\">\n\t\t\t\t\t<p>Is\u00e4nn\u00f6intipalvelu jonka l\u00e4ht\u00f6kohdat ovat asiakkaan tarpeet ja korkea laatu. Pystymme tarjoamaan modernin ja joustavan palvelun nykyajan s\u00e4hk\u00f6isi\u00e4 ratkaisuja hy\u00f6dynt\u00e4en - aina asiakkaan tarpeiden mukaan. Is\u00e4nn\u00f6intimme perustuu vankkaan kokemukseen ja koulutukseen sek\u00e4 laajaan yhteisty\u00f6verkostoon mik\u00e4 mahdollistaa kokonaisvaltaisen palvelun.<\/p>\n\t\t\t\t\t<\/div>\n\t\t\t\t\t\t\t\t<\/div>\n\t\t\t\t\t\t\t\t<\/li>\n\n\t\t\t<li\n\t\t\tclass=\"sow-features-feature sow-icon-container-position-top\"\n\t\t\tstyle=\"display: flex; flex-direction: column; width: calc(33.333% - 25px);\"\n\t\t>\n\t\t\t\n\t\t\t\t\t\t<a\t\t\t\tclass=\"sow-icon-container sow-container-none\"\n\t\t\t\tstyle=\"color: #404040; \"\n\t\t\t\ttitle=\"LIIKEKIINTEIST\u00d6N IS\u00c4NN\u00d6INTI\"\n\t\t\t\t\t\t\t\t\thref=\"http:\/\/www.aureka.fi\/sv\/liikekiinteiston-hallinta\/\"\n\t\t\t\t\t\t\t\t>\n\t\t\t\t\t\t\t\t\t\t<div class=\"sow-icon-image\" style=\"background-image: url(http:\/\/www.aureka.fi\/wp-content\/uploads\/2019\/10\/Liikekiinteist\u00f6.png); font-size: 65px\"><\/div>\n\t\t\t\t\t\t\t\t\t<\/a>\n\n\t\t\t<div class=\"textwidget\">\n\t\t\t\t\n\t\t\t\t\t\t\t\t\t<h5 class=\"sow-features-feature-title\">\n\t\t\t\t\t\t\t\t\t\t\t\t\t<a\n\t\t\t\t\t\t\t\thref=\"http:\/\/www.aureka.fi\/sv\/liikekiinteiston-hallinta\/\"\n\t\t\t\t\t\t\t\t\t\t\t\t\t\t\t>\n\t\t\t\t\t\t\tLIIKEKIINTEIST\u00d6N IS\u00c4NN\u00d6INTI\t\t\t\t\t\t\t<\/a>\n\t\t\t\t\t\t\t\t\t\t\t\t<\/h5>\n\t\t\t\t\n\t\t\t\t\t\t\t\t\t<div class=\"sow-features-feature-text\">\n\t\t\t\t\t<p>Liikekiinteist\u00f6n hyv\u00e4\u00e4 johtamista s\u00e4ilytt\u00e4\u00e4 tai nostaa kiinteist\u00f6n arvoa ja turvaa omistajien edut. Palveluumme kuuluu liikekiinteist\u00f6jen is\u00e4nn\u00f6inti\u00e4 ja hallintoa, kattaen kiinteist\u00f6n elinkaaren ja vuokrasuhteiden hallintaa sek\u00e4 taloushallinto. Toimistoltamme l\u00f6ytyy pitk\u00e4\u00e4 kokemusta liikekiinteist\u00f6jen hallinnasta ja sen tuomat erityishaasteet ovat tuttuja - yhteisty\u00f6verkostomme kanssa pystymme tarjoamaan tuottavampaa ja helpompaa omistamista.<\/p>\n\t\t\t\t\t<\/div>\n\t\t\t\t\t\t\t\t<\/div>\n\t\t\t\t\t\t\t\t<\/li>\n\n\t\t\t<li\n\t\t\tclass=\"sow-features-feature sow-icon-container-position-top\"\n\t\t\tstyle=\"display: flex; flex-direction: column; width: calc(33.333% - 25px);\"\n\t\t>\n\t\t\t\n\t\t\t\t\t\t<a\t\t\t\tclass=\"sow-icon-container sow-container-none\"\n\t\t\t\tstyle=\"color: #404040; \"\n\t\t\t\ttitle=\"TALOUSHALLINTO\"\n\t\t\t\t\t\t\t\t\thref=\"http:\/\/www.aureka.fi\/sv\/taloushallinto\/\"\n\t\t\t\t\t\t\t\t>\n\t\t\t\t\t\t\t\t\t\t<div class=\"sow-icon-image\" style=\"background-image: url(http:\/\/www.aureka.fi\/wp-content\/uploads\/2019\/10\/Taloushallinto.png); font-size: 65px\"><\/div>\n\t\t\t\t\t\t\t\t\t<\/a>\n\n\t\t\t<div class=\"textwidget\">\n\t\t\t\t\n\t\t\t\t\t\t\t\t\t<h5 class=\"sow-features-feature-title\">\n\t\t\t\t\t\t\t\t\t\t\t\t\t<a\n\t\t\t\t\t\t\t\thref=\"http:\/\/www.aureka.fi\/sv\/taloushallinto\/\"\n\t\t\t\t\t\t\t\t\t\t\t\t\t\t\t>\n\t\t\t\t\t\t\tTALOUSHALLINTO\t\t\t\t\t\t\t<\/a>\n\t\t\t\t\t\t\t\t\t\t\t\t<\/h5>\n\t\t\t\t\n\t\t\t\t\t\t\t\t\t<div class=\"sow-features-feature-text\">\n\t\t\t\t\t<p>Hoidamme taloushallinto palveluita kaikille meid\u00e4n asiakkaille ja palveluun kuuluu kirjanpito, vastikevalvonta, lainanhallinta, palkanlaskenta ja viranomaisilmoitukset. Tarjoamme my\u00f6s pelk\u00e4n taloushallinnon etenkin PK-yrityksille kustannustehokkaasti ja nykyajan ohjelmia hy\u00f6dynt\u00e4en. Valitsemalla meid\u00e4t hoitamaan yrityksesi taloushallintoa pystyt keskittym\u00e4\u00e4n oman toimintaan huoletta.<\/p>\n\t\t\t\t\t<\/div>\n\t\t\t\t\t\t\t\t<\/div>\n\t\t\t\t\t\t\t\t<\/li>\n\n\t<\/ul>\n<\/div><\/div><\/div><\/div><\/div><\/div><div id=\"pg-1804-2\"  class=\"panel-grid panel-has-style\" ><div id=\"contact\" class=\"panel-row-style panel-row-style-for-1804-2\" ><div id=\"pgc-1804-2-0\"  class=\"panel-grid-cell\" ><div id=\"panel-1804-2-0-0\" class=\"so-panel widget widget_sow-headline panel-first-child\" data-index=\"3\" ><div\n\t\t\t\n\t\t\tclass=\"so-widget-sow-headline so-widget-sow-headline-default-cfb68651eeb8-1804 so-widget-fittext-wrapper\"\n\t\t\t data-fit-text-compressor=\"0.85\"\n\t\t><div class=\"sow-headline-container \">\n\t\t\t\t\t\t\t<h1 class=\"sow-headline\">\n\t\t\t\t\t\tOta yhteytt\u00e4\t\t\t\t\t\t<\/h1>\n\t\t\t\t\t\t\t\t\t\t\t\t<p class=\"sow-sub-headline\">\n\t\t\t\t\t\tSana on vapaa...\t\t\t\t\t\t<\/p>\n\t\t\t\t\t\t<\/div>\n<\/div><\/div><div id=\"panel-1804-2-0-1\" class=\"so-panel widget widget_wpforms-widget wpforms-widget panel-last-child\" data-index=\"4\" ><div class=\"wpforms-container wpforms-container-full\" id=\"wpforms-1110\"><form id=\"wpforms-form-1110\" class=\"wpforms-validate wpforms-form\" data-formid=\"1110\" method=\"post\" enctype=\"multipart\/form-data\" action=\"\/sv\/wp-json\/wp\/v2\/pages\/1804\" data-token=\"19328e962975811fdb2d257b931866fa\"><noscript class=\"wpforms-error-noscript\">Aktivera JavaScript i din webbl\u00e4sare f\u00f6r att slutf\u00f6ra detta formul\u00e4r.<\/noscript><div class=\"wpforms-field-container\"><div id=\"wpforms-1110-field_0-container\" class=\"wpforms-field wpforms-field-name\" data-field-id=\"0\"><label class=\"wpforms-field-label\" for=\"wpforms-1110-field_0\">Nimi <span class=\"wpforms-required-label\">*<\/span><\/label><input type=\"text\" id=\"wpforms-1110-field_0\" class=\"wpforms-field-medium wpforms-field-required\" name=\"wpforms[fields][0]\" required><\/div><div id=\"wpforms-1110-field_1-container\" class=\"wpforms-field wpforms-field-email\" data-field-id=\"1\"><label class=\"wpforms-field-label\" for=\"wpforms-1110-field_1\">S\u00e4hk\u00f6posti <span class=\"wpforms-required-label\">*<\/span><\/label><input type=\"email\" id=\"wpforms-1110-field_1\" class=\"wpforms-field-medium wpforms-field-required\" name=\"wpforms[fields][1]\" required><\/div><div id=\"wpforms-1110-field_2-container\" class=\"wpforms-field wpforms-field-textarea\" data-field-id=\"2\"><label class=\"wpforms-field-label\" for=\"wpforms-1110-field_2\">Palaute tai viesti <span class=\"wpforms-required-label\">*<\/span><\/label><textarea id=\"wpforms-1110-field_2\" class=\"wpforms-field-medium wpforms-field-required\" name=\"wpforms[fields][2]\" required><\/textarea><\/div><\/div><div class=\"wpforms-field wpforms-field-hp\"><label for=\"wpforms-1110-field-hp\" class=\"wpforms-field-label\">Website<\/label><input type=\"text\" name=\"wpforms[hp]\" id=\"wpforms-1110-field-hp\" class=\"wpforms-field-medium\"><\/div><div class=\"wpforms-submit-container\" ><input type=\"hidden\" name=\"wpforms[id]\" value=\"1110\"><input type=\"hidden\" name=\"wpforms[author]\" value=\"1\"><button type=\"submit\" name=\"wpforms[submit]\" class=\"wpforms-submit \" id=\"wpforms-submit-1110\" value=\"wpforms-submit\" aria-live=\"assertive\" data-alt-text=\"L\u00e4hetet\u00e4\u00e4n...\" data-submit-text=\"L\u00e4het\u00e4\">L\u00e4het\u00e4<\/button><\/div><\/form><\/div>  <!-- .wpforms-container --><\/div><\/div><\/div><\/div><div id=\"pg-1804-3\"  class=\"panel-grid panel-no-style\" ><div id=\"pgc-1804-3-0\"  class=\"panel-grid-cell\" ><div id=\"panel-1804-3-0-0\" class=\"so-panel widget widget_sow-image panel-first-child panel-last-child\" data-index=\"5\" ><div class=\"panel-widget-style panel-widget-style-for-1804-3-0-0\" ><div\n\t\t\t\n\t\t\tclass=\"so-widget-sow-image so-widget-sow-image-default-c67d20f9f743-1804\"\n\t\t\t\n\t\t>\n<div class=\"sow-image-container\">\n\t\t\t<a href=\"https:\/\/www.isannointiliitto.fi\/\"\n\t\t\ttarget=\"_blank\" rel=\"noopener noreferrer\" \t\t>\n\t\t\t<img \n\tsrc=\"http:\/\/www.aureka.fi\/wp-content\/uploads\/2019\/09\/j\u00c4SENYRITYS-300x136.jpg\" width=\"300\" height=\"136\" sizes=\"(max-width: 300px) 100vw, 300px\" title=\"j\u00c4SENYRITYS-300&#215;136\" alt=\"\" \t\tclass=\"so-widget-image\"\/>\n\t\t\t<\/a><\/div>\n\n<\/div><\/div><\/div><\/div><\/div><div id=\"pg-1804-4\"  class=\"panel-grid panel-no-style\" ><div id=\"pgc-1804-4-0\"  class=\"panel-grid-cell\" ><div id=\"panel-1804-4-0-0\" class=\"so-panel widget widget_sow-editor panel-first-child panel-last-child\" data-index=\"6\" ><div\n\t\t\t\n\t\t\tclass=\"so-widget-sow-editor so-widget-sow-editor-base\"\n\t\t\t\n\t\t>\n<div class=\"siteorigin-widget-tinymce textwidget\">\n\t<p>&nbsp;<\/p>\n<p>&nbsp;<\/p>\n<p>&nbsp;<\/p>\n<table style=\"width: 100%; border-collapse: collapse; border-style: hidden; border-color: #ffffff; background-color: #ffffff;\" border=\"1\">\n<tbody>\n<tr>\n<td style=\"width: 20%;\">\n<p style=\"text-align: center;\"><a href=\"http:\/\/www.aureka.fi\/palvelut\/\"><strong><span style=\"font-size: 8pt;\">Palvelut<\/span><\/strong><\/a><\/p>\n<p style=\"text-align: center;\"><a href=\"http:\/\/www.aureka.fi\/isannointi\/\"><span style=\"font-size: 8pt;\">Is\u00e4nn\u00f6inti<\/span><\/a><\/p>\n<p style=\"text-align: center;\"><a href=\"http:\/\/www.aureka.fi\/liikekiinteiston-hallinta\/\"><span style=\"font-size: 8pt;\">Liikekiinteist\u00f6n hallinta<\/span><\/a><\/p>\n<p style=\"text-align: center;\"><a href=\"http:\/\/www.aureka.fi\/taloushallinto\/\"><span style=\"font-size: 8pt;\">Taloushallinto<\/span><\/a><\/p>\n<\/td>\n<td style=\"width: 20%;\">\n<p style=\"text-align: center;\"><a href=\"http:\/\/www.aureka.fi\/asukkaille\/\"><strong><span style=\"font-size: 8pt;\">Asukkaille<\/span><\/strong><\/a><\/p>\n<p style=\"text-align: center;\"><a href=\"http:\/\/www.aureka.fi\/lomakkeet-ja-ilmoitukset\/\"><span style=\"font-size: 8pt;\">Lomakkeet ja ilmoitukset<\/span><\/a><\/p>\n<p style=\"text-align: center;\"><a href=\"http:\/\/www.aureka.fi\/muuttaminen\/\"><span style=\"font-size: 8pt;\">Muuttaminen<\/span><\/a><\/p>\n<p>&nbsp;<\/p>\n<\/td>\n<td style=\"width: 20%;\">\n<p style=\"text-align: center;\"><a href=\"http:\/\/www.aureka.fi\/tarjouspyynto\/\"><strong><span style=\"font-size: 8pt;\">Tarjouspyynt\u00f6<\/span><\/strong><\/a><\/p>\n<p>&nbsp;<\/p>\n<p>&nbsp;<\/p>\n<p>&nbsp;<\/p>\n<\/td>\n<td style=\"width: 20%;\">\n<p style=\"text-align: center;\"><a href=\"http:\/\/www.aureka.fi\/yhteystiedot\/\"><strong><span style=\"font-size: 8pt;\">Yhteystiedot<\/span><\/strong><\/a><\/p>\n<p style=\"text-align: center;\"><a href=\"http:\/\/www.aureka.fi\/muuttaminen\/\"><span style=\"font-size: 8pt;\">Ota yhteytt\u00e4<\/span><\/a><\/p>\n<p style=\"text-align: center;\"><a href=\"http:\/\/www.aureka.fi\/tietosuojaseloste\/\"><span style=\"font-size: 8pt;\">Tietosuojaseloste<\/span><\/a><\/p>\n<p>&nbsp;<\/p>\n<\/td>\n<td style=\"width: 20%;\">\n<p style=\"text-align: center;\"><a href=\"http:\/\/www.aureka.fi\/yhtio\/\"><strong><span style=\"font-size: 8pt;\">Yhti\u00f6<\/span><\/strong><\/a><\/p>\n<p>&nbsp;<\/p>\n<p>&nbsp;<\/p>\n<p>&nbsp;<\/p>\n<\/td>\n<\/tr>\n<\/tbody>\n<\/table>\n<p>&nbsp;<\/p>\n<table style=\"width: 100%; border-collapse: collapse; border-style: hidden; border-color: #ffffff; background-color: #ffffff;\" border=\"1\">\n<tbody>\n<tr>\n<td style=\"width: 100%;\"><span style=\"font-size: 10pt;\">Aureka Oy, Ounasvaarantie 1 G, 00970 Helsinki\u00a0 \u00a0Puh. 0405658657\u00a0 \u00a0S-posti: isannointi@aureka.fi\u00a0 \u00a0<a href=\"http:\/\/www.aureka.fi\">www.aureka.fi<\/a><\/span><\/td>\n<\/tr>\n<tr>\n<td style=\"width: 100%;\"><span style=\"font-size: 8pt;\">Helsinki - Espoo - Vantaa - Tuusula - Sipoo<\/span><\/td>\n<\/tr>\n<\/tbody>\n<\/table>\n<\/div>\n<\/div><\/div><\/div><\/div><\/div>","protected":false},"excerpt":{"rendered":"<p>Asiakasl\u00e4ht\u00f6inen &#8211; Joustava &#8211; Moderni Mit\u00e4 me tehd\u00e4\u00e4n Tarjoamme erilaisia palveluita johon kuuluu TALOYHTI\u00d6N IS\u00c4NN\u00d6INTI Is\u00e4nn\u00f6intipalvelu jonka l\u00e4ht\u00f6kohdat ovat asiakkaan tarpeet ja korkea laatu. Pystymme tarjoamaan modernin ja joustavan palvelun nykyajan s\u00e4hk\u00f6isi\u00e4 ratkaisuja hy\u00f6dynt\u00e4en &#8211; aina asiakkaan tarpeiden mukaan. Is\u00e4nn\u00f6intimme<\/p>","protected":false},"author":1,"featured_media":0,"parent":0,"menu_order":0,"comment_status":"closed","ping_status":"closed","template":"","meta":{"_acf_changed":false,"_monsterinsights_skip_tracking":false,"_monsterinsights_sitenote_active":false,"_monsterinsights_sitenote_note":"","_monsterinsights_sitenote_category":0,"footnotes":""},"class_list":["post-1804","page","type-page","status-publish","hentry"],"acf":[],"yoast_head":"<!-- This site is optimized with the Yoast SEO plugin v25.6 - https:\/\/yoast.com\/wordpress\/plugins\/seo\/ -->\n<title>Aureka - Is&auml;nn&ouml;intitoimisto<\/title>\n<meta name=\"robots\" content=\"index, follow, max-snippet:-1, max-image-preview:large, max-video-preview:-1\" \/>\n<link rel=\"canonical\" href=\"https:\/\/www.aureka.fi\/sv\/\" \/>\n<meta property=\"og:locale\" content=\"sv_SE\" \/>\n<meta property=\"og:type\" content=\"article\" \/>\n<meta property=\"og:title\" content=\"Aureka - Is&auml;nn&ouml;intitoimisto\" \/>\n<meta property=\"og:description\" content=\"Asiakasl\u00e4ht\u00f6inen - Joustava - Moderni Mit\u00e4 me tehd\u00e4\u00e4n Tarjoamme erilaisia palveluita johon kuuluu TALOYHTI\u00d6N IS\u00c4NN\u00d6INTI Is\u00e4nn\u00f6intipalvelu jonka l\u00e4ht\u00f6kohdat ovat asiakkaan tarpeet ja korkea laatu. Pystymme tarjoamaan modernin ja joustavan palvelun nykyajan s\u00e4hk\u00f6isi\u00e4 ratkaisuja hy\u00f6dynt\u00e4en - aina asiakkaan tarpeiden mukaan. Is\u00e4nn\u00f6intimme\" \/>\n<meta property=\"og:url\" content=\"https:\/\/www.aureka.fi\/sv\/\" \/>\n<meta property=\"og:site_name\" content=\"Is&auml;nn&ouml;intitoimisto\" \/>\n<meta property=\"article:modified_time\" content=\"2024-09-09T11:50:13+00:00\" \/>\n<meta name=\"twitter:card\" content=\"summary_large_image\" \/>\n<meta name=\"twitter:label1\" content=\"Ber\u00e4knad l\u00e4stid\" \/>\n\t<meta name=\"twitter:data1\" content=\"1 minut\" \/>\n<script type=\"application\/ld+json\" class=\"yoast-schema-graph\">{\"@context\":\"https:\/\/schema.org\",\"@graph\":[{\"@type\":\"WebPage\",\"@id\":\"https:\/\/www.aureka.fi\/sv\/\",\"url\":\"https:\/\/www.aureka.fi\/sv\/\",\"name\":\"Aureka - Is&auml;nn&ouml;intitoimisto\",\"isPartOf\":{\"@id\":\"https:\/\/www.aureka.fi\/sv\/#website\"},\"datePublished\":\"2019-10-30T12:22:53+00:00\",\"dateModified\":\"2024-09-09T11:50:13+00:00\",\"breadcrumb\":{\"@id\":\"https:\/\/www.aureka.fi\/sv\/#breadcrumb\"},\"inLanguage\":\"sv-SE\",\"potentialAction\":[{\"@type\":\"ReadAction\",\"target\":[\"https:\/\/www.aureka.fi\/sv\/\"]}]},{\"@type\":\"BreadcrumbList\",\"@id\":\"https:\/\/www.aureka.fi\/sv\/#breadcrumb\",\"itemListElement\":[{\"@type\":\"ListItem\",\"position\":1,\"name\":\"Home\",\"item\":\"https:\/\/www.aureka.fi\/sv\/\"},{\"@type\":\"ListItem\",\"position\":2,\"name\":\"Aureka\"}]},{\"@type\":\"WebSite\",\"@id\":\"https:\/\/www.aureka.fi\/sv\/#website\",\"url\":\"https:\/\/www.aureka.fi\/sv\/\",\"name\":\"Is&auml;nn&ouml;intitoimisto\",\"description\":\"\",\"publisher\":{\"@id\":\"https:\/\/www.aureka.fi\/sv\/#organization\"},\"potentialAction\":[{\"@type\":\"SearchAction\",\"target\":{\"@type\":\"EntryPoint\",\"urlTemplate\":\"https:\/\/www.aureka.fi\/sv\/?s={search_term_string}\"},\"query-input\":{\"@type\":\"PropertyValueSpecification\",\"valueRequired\":true,\"valueName\":\"search_term_string\"}}],\"inLanguage\":\"sv-SE\"},{\"@type\":\"Organization\",\"@id\":\"https:\/\/www.aureka.fi\/sv\/#organization\",\"name\":\"Is&auml;nn&ouml;intitoimisto\",\"url\":\"https:\/\/www.aureka.fi\/sv\/\",\"logo\":{\"@type\":\"ImageObject\",\"inLanguage\":\"sv-SE\",\"@id\":\"https:\/\/www.aureka.fi\/sv\/#\/schema\/logo\/image\/\",\"url\":\"http:\/\/www.aureka.fi\/wp-content\/uploads\/2019\/11\/cropped-Aureka-logo-small.png\",\"contentUrl\":\"http:\/\/www.aureka.fi\/wp-content\/uploads\/2019\/11\/cropped-Aureka-logo-small.png\",\"width\":75,\"height\":82,\"caption\":\"Is&auml;nn&ouml;intitoimisto\"},\"image\":{\"@id\":\"https:\/\/www.aureka.fi\/sv\/#\/schema\/logo\/image\/\"}}]}<\/script>\n<!-- \/ Yoast SEO plugin. -->","yoast_head_json":{"title":"Aureka - Is&auml;nn&ouml;intitoimisto","robots":{"index":"index","follow":"follow","max-snippet":"max-snippet:-1","max-image-preview":"max-image-preview:large","max-video-preview":"max-video-preview:-1"},"canonical":"https:\/\/www.aureka.fi\/sv\/","og_locale":"sv_SE","og_type":"article","og_title":"Aureka - Is&auml;nn&ouml;intitoimisto","og_description":"Asiakasl\u00e4ht\u00f6inen - Joustava - Moderni Mit\u00e4 me tehd\u00e4\u00e4n Tarjoamme erilaisia palveluita johon kuuluu TALOYHTI\u00d6N IS\u00c4NN\u00d6INTI Is\u00e4nn\u00f6intipalvelu jonka l\u00e4ht\u00f6kohdat ovat asiakkaan tarpeet ja korkea laatu. Pystymme tarjoamaan modernin ja joustavan palvelun nykyajan s\u00e4hk\u00f6isi\u00e4 ratkaisuja hy\u00f6dynt\u00e4en - aina asiakkaan tarpeiden mukaan. Is\u00e4nn\u00f6intimme","og_url":"https:\/\/www.aureka.fi\/sv\/","og_site_name":"Is&auml;nn&ouml;intitoimisto","article_modified_time":"2024-09-09T11:50:13+00:00","twitter_card":"summary_large_image","twitter_misc":{"Ber\u00e4knad l\u00e4stid":"1 minut"},"schema":{"@context":"https:\/\/schema.org","@graph":[{"@type":"WebPage","@id":"https:\/\/www.aureka.fi\/sv\/","url":"https:\/\/www.aureka.fi\/sv\/","name":"Aureka - Is&auml;nn&ouml;intitoimisto","isPartOf":{"@id":"https:\/\/www.aureka.fi\/sv\/#website"},"datePublished":"2019-10-30T12:22:53+00:00","dateModified":"2024-09-09T11:50:13+00:00","breadcrumb":{"@id":"https:\/\/www.aureka.fi\/sv\/#breadcrumb"},"inLanguage":"sv-SE","potentialAction":[{"@type":"ReadAction","target":["https:\/\/www.aureka.fi\/sv\/"]}]},{"@type":"BreadcrumbList","@id":"https:\/\/www.aureka.fi\/sv\/#breadcrumb","itemListElement":[{"@type":"ListItem","position":1,"name":"Home","item":"https:\/\/www.aureka.fi\/sv\/"},{"@type":"ListItem","position":2,"name":"Aureka"}]},{"@type":"WebSite","@id":"https:\/\/www.aureka.fi\/sv\/#website","url":"https:\/\/www.aureka.fi\/sv\/","name":"Is&auml;nn&ouml;intitoimisto","description":"","publisher":{"@id":"https:\/\/www.aureka.fi\/sv\/#organization"},"potentialAction":[{"@type":"SearchAction","target":{"@type":"EntryPoint","urlTemplate":"https:\/\/www.aureka.fi\/sv\/?s={search_term_string}"},"query-input":{"@type":"PropertyValueSpecification","valueRequired":true,"valueName":"search_term_string"}}],"inLanguage":"sv-SE"},{"@type":"Organization","@id":"https:\/\/www.aureka.fi\/sv\/#organization","name":"Is&auml;nn&ouml;intitoimisto","url":"https:\/\/www.aureka.fi\/sv\/","logo":{"@type":"ImageObject","inLanguage":"sv-SE","@id":"https:\/\/www.aureka.fi\/sv\/#\/schema\/logo\/image\/","url":"http:\/\/www.aureka.fi\/wp-content\/uploads\/2019\/11\/cropped-Aureka-logo-small.png","contentUrl":"http:\/\/www.aureka.fi\/wp-content\/uploads\/2019\/11\/cropped-Aureka-logo-small.png","width":75,"height":82,"caption":"Is&auml;nn&ouml;intitoimisto"},"image":{"@id":"https:\/\/www.aureka.fi\/sv\/#\/schema\/logo\/image\/"}}]}},"_links":{"self":[{"href":"http:\/\/www.aureka.fi\/sv\/wp-json\/wp\/v2\/pages\/1804"}],"collection":[{"href":"http:\/\/www.aureka.fi\/sv\/wp-json\/wp\/v2\/pages"}],"about":[{"href":"http:\/\/www.aureka.fi\/sv\/wp-json\/wp\/v2\/types\/page"}],"author":[{"embeddable":true,"href":"http:\/\/www.aureka.fi\/sv\/wp-json\/wp\/v2\/users\/1"}],"replies":[{"embeddable":true,"href":"http:\/\/www.aureka.fi\/sv\/wp-json\/wp\/v2\/comments?post=1804"}],"version-history":[{"count":161,"href":"http:\/\/www.aureka.fi\/sv\/wp-json\/wp\/v2\/pages\/1804\/revisions"}],"predecessor-version":[{"id":2665,"href":"http:\/\/www.aureka.fi\/sv\/wp-json\/wp\/v2\/pages\/1804\/revisions\/2665"}],"wp:attachment":[{"href":"http:\/\/www.aureka.fi\/sv\/wp-json\/wp\/v2\/media?parent=1804"}],"curies":[{"name":"wp","href":"https:\/\/api.w.org\/{rel}","templated":true}]}}